{"id":275,"date":"2020-08-14T15:50:23","date_gmt":"2020-08-14T20:50:23","guid":{"rendered":"https:\/\/limabibletours.net\/?page_id=275"},"modified":"2020-08-14T20:22:45","modified_gmt":"2020-08-15T01:22:45","slug":"tours-bibliques-de-lima","status":"publish","type":"page","link":"https:\/\/limabibletours.net\/index.php\/fr\/tours-bibliques-de-lima\/","title":{"rendered":"TOURS BIBLIQUES DE LIMA"},"content":{"rendered":"\n<p class=\"has-text-align-center\">\u200b<span style=\"color:#ffffff\" class=\"has-inline-color\">Nous avons d\u00e9velop\u00e9 &#8220;<em>Lima Bible Tours<\/em>&#8221; afin de vous faire conna\u00eetre l&#8217;histoire du P\u00e9rou \u00e0 la lumi\u00e8re de la Bible. Depuis 2018, des milliers de fr\u00e8res et soeurs ont profit\u00e9 d&#8217;une visite guid\u00e9e du Mus\u00e9e de l&#8217;Or de Lima en compagnie d&#8217;un guide T\u00e9moin de J\u00e9hovah. Ils ont ainsi pu d\u00e9couvrir la richesse des cultures p\u00e9ruviennes antiques et ont appris plusieures similitudes entre ces&nbsp;cultures&nbsp;anciennes et la ville antique de&nbsp;Babylone&nbsp;.&nbsp;Ce tour biblique de 2 heures,&#8221;&nbsp;<em>\u00c0 La Recherche de Dieu et de l&#8217;OR&#8221;<\/em>, fait ressortir 9 croyances ou pratiques diff\u00e9rentes que les cultures pr\u00e9hispaniques avaient en commun avec la plupart des fausses religions. M\u00eame si nous avons d\u00fb suspendre toutes les visites du mus\u00e9e en personne jusqu&#8217;\u00e0 nouvel ordre, il nous fait plaisir de vous annoncer que le tour est maintenant disponible de mani\u00e8re virtuelle. Venez nous rejoindre dans cette excursion fascinante du P\u00e9rou!<\/span><\/p>\n\n\n\n<figure class=\"wp-block-image size-large\"><img loading=\"lazy\" width=\"1024\" height=\"718\" src=\"https:\/\/limabibletours.net\/wp-content\/uploads\/2020\/08\/museum-group-1024x718-3.jpg\" alt=\"\" class=\"wp-image-276\" srcset=\"https:\/\/limabibletours.net\/wp-content\/uploads\/2020\/08\/museum-group-1024x718-3.jpg 1024w, https:\/\/limabibletours.net\/wp-content\/uploads\/2020\/08\/museum-group-1024x718-3-300x210.jpg 300w, https:\/\/limabibletours.net\/wp-content\/uploads\/2020\/08\/museum-group-1024x718-3-768x539.jpg 768w\" sizes=\"(max-width: 1024px) 100vw, 1024px\" \/><\/figure>\n\n\n\n<p><\/p>\n","protected":false},"excerpt":{"rendered":"<p>\u200bNous avons d\u00e9velop\u00e9 &#8220;Lima Bible Tours&#8221; afin de vous faire conna\u00eetre l&#8217;histoire du P\u00e9rou \u00e0 la lumi\u00e8re de la Bible. Depuis 2018, des milliers de<\/p>\n<p><a href=\"https:\/\/limabibletours.net\/index.php\/fr\/tours-bibliques-de-lima\/\" class=\"more-link\">Read More<span class=\"screen-reader-text\">TOURS BIBLIQUES DE LIMA<\/span><\/a><\/p>\n","protected":false},"author":1,"featured_media":0,"parent":0,"menu_order":1,"comment_status":"closed","ping_status":"closed","template":"","meta":[],"_links":{"self":[{"href":"https:\/\/limabibletours.net\/index.php\/wp-json\/wp\/v2\/pages\/275"}],"collection":[{"href":"https:\/\/limabibletours.net\/index.php\/wp-json\/wp\/v2\/pages"}],"about":[{"href":"https:\/\/limabibletours.net\/index.php\/wp-json\/wp\/v2\/types\/page"}],"author":[{"embeddable":true,"href":"https:\/\/limabibletours.net\/index.php\/wp-json\/wp\/v2\/users\/1"}],"replies":[{"embeddable":true,"href":"https:\/\/limabibletours.net\/index.php\/wp-json\/wp\/v2\/comments?post=275"}],"version-history":[{"count":2,"href":"https:\/\/limabibletours.net\/index.php\/wp-json\/wp\/v2\/pages\/275\/revisions"}],"predecessor-version":[{"id":298,"href":"https:\/\/limabibletours.net\/index.php\/wp-json\/wp\/v2\/pages\/275\/revisions\/298"}],"wp:attachment":[{"href":"https:\/\/limabibletours.net\/index.php\/wp-json\/wp\/v2\/media?parent=275"}],"curies":[{"name":"wp","href":"https:\/\/api.w.org\/{rel}","templated":true}]}}