{"id":251,"date":"2020-08-14T15:36:56","date_gmt":"2020-08-14T20:36:56","guid":{"rendered":"https:\/\/limabibletours.net\/?page_id=251"},"modified":"2020-08-14T20:27:11","modified_gmt":"2020-08-15T01:27:11","slug":"a-la-recherche-de-dieu-et-de-lor","status":"publish","type":"page","link":"https:\/\/limabibletours.net\/index.php\/fr\/a-la-recherche-de-dieu-et-de-lor\/","title":{"rendered":"\u00c0 LA RECHERCHE DE DIEU ET DE L&#8217;OR"},"content":{"rendered":"\n<p class=\"has-text-align-center\"><span style=\"color:#ffffff\" class=\"has-inline-color\">Les d\u00e9serts de sable du P\u00e9rou cachent plusieurs tr\u00e9sors. Depuis des si\u00e8cles, autant les pilleurs de tombes que les arch\u00e9ologues, ont d\u00e9couvert une quantit\u00e9 innombrable d&#8217;objets d&#8217;or et d&#8217;autres mat\u00e9riaux pr\u00e9cieux. Ce tour nous fera voyager dans le temps pour d\u00e9couvrir comment les cultures pr\u00e9hispaniques du P\u00e9rou utilisaient ces objets dans leur recherche de Dieu. Nous verrons comment leurs pratiques religieuses \u00e9taient directement reli\u00e9es \u00e0 l&#8217;origine de la fausse religion dans la Babylone antique.<\/span><\/p>\n\n\n\n<p class=\"has-text-align-center\"><span style=\"color:#ffffff\" class=\"has-inline-color\">Voici quelques commentaires de ceux qui ont vu le tour:<br>Ce tour est G\u00c9NIAL! Merci beaucoup pour votre excellent travail; amour chr\u00e9tien!<\/span><\/p>\n\n\n\n<p class=\"has-text-align-center\"><span style=\"color:#ffffff\" class=\"has-inline-color\">Un grand merci! J&#8217;ai appris beaucoup de choses. Mes invit\u00e9s ont VRAIMENT aim\u00e9!!!<\/span><\/p>\n","protected":false},"excerpt":{"rendered":"<p>Les d\u00e9serts de sable du P\u00e9rou cachent plusieurs tr\u00e9sors. Depuis des si\u00e8cles, autant les pilleurs de tombes que les arch\u00e9ologues, ont d\u00e9couvert une quantit\u00e9 innombrable<\/p>\n<p><a href=\"https:\/\/limabibletours.net\/index.php\/fr\/a-la-recherche-de-dieu-et-de-lor\/\" class=\"more-link\">Read More<span class=\"screen-reader-text\">\u00c0 LA RECHERCHE DE DIEU ET DE L&#8217;OR<\/span><\/a><\/p>\n","protected":false},"author":1,"featured_media":68,"parent":0,"menu_order":2,"comment_status":"closed","ping_status":"closed","template":"","meta":[],"_links":{"self":[{"href":"https:\/\/limabibletours.net\/index.php\/wp-json\/wp\/v2\/pages\/251"}],"collection":[{"href":"https:\/\/limabibletours.net\/index.php\/wp-json\/wp\/v2\/pages"}],"about":[{"href":"https:\/\/limabibletours.net\/index.php\/wp-json\/wp\/v2\/types\/page"}],"author":[{"embeddable":true,"href":"https:\/\/limabibletours.net\/index.php\/wp-json\/wp\/v2\/users\/1"}],"replies":[{"embeddable":true,"href":"https:\/\/limabibletours.net\/index.php\/wp-json\/wp\/v2\/comments?post=251"}],"version-history":[{"count":5,"href":"https:\/\/limabibletours.net\/index.php\/wp-json\/wp\/v2\/pages\/251\/revisions"}],"predecessor-version":[{"id":300,"href":"https:\/\/limabibletours.net\/index.php\/wp-json\/wp\/v2\/pages\/251\/revisions\/300"}],"wp:featuredmedia":[{"embeddable":true,"href":"https:\/\/limabibletours.net\/index.php\/wp-json\/wp\/v2\/media\/68"}],"wp:attachment":[{"href":"https:\/\/limabibletours.net\/index.php\/wp-json\/wp\/v2\/media?parent=251"}],"curies":[{"name":"wp","href":"https:\/\/api.w.org\/{rel}","templated":true}]}}