{"id":238,"date":"2020-08-10T02:32:27","date_gmt":"2020-08-10T02:32:27","guid":{"rendered":"https:\/\/limabibletours.net\/?page_id=238"},"modified":"2020-08-14T20:31:03","modified_gmt":"2020-08-15T01:31:03","slug":"en-busca-de-dios-y-del-oro","status":"publish","type":"page","link":"https:\/\/limabibletours.net\/index.php\/es\/en-busca-de-dios-y-del-oro\/","title":{"rendered":"En Busca de Dios y del Oro"},"content":{"rendered":"\n<p class=\"has-text-align-center\"><span style=\"color:#ffffff\" class=\"has-inline-color\">Las arenas del desierto de Per\u00fa esconden muchos tesoros. Por cientos de a\u00f1os los buscadores de saqueadores de tumbas y arque\u00f3logos han recuperado innumerables art\u00edculos de oro y de otros metales preciosos. Este tour le llevara en un viaje a trav\u00e9s del antiguo Per\u00fa lograra observar estos objetos y entender como las culturas pre-Hisp\u00e1nicas los usaron en su b\u00fasqueda de Dios. Veremos como las practicas religiosas que ellos hicieron est\u00e1n directamente conectadas con el origen de la religi\u00f3n falsa en la antigua Babilonia. Su tour virtual durar\u00e1 dos horas con un peque\u00f1o receso a la mitad.<\/span><\/p>\n\n\n\n<p class=\"has-text-align-center\"><span style=\"color:#ffffff\" class=\"has-inline-color\">\u00bfQu\u00e9 dicen algunos que han tomado el tour? Estos son algunos comentarios que hemos recibido:<\/span><\/p>\n\n\n\n<p class=\"has-text-align-center\"><span style=\"color:#ffffff\" class=\"has-inline-color\">\u00a1El tour es maravilloso!<\/span><\/p>\n\n\n\n<p class=\"has-text-align-center\"><span style=\"color:#ffffff\" class=\"has-inline-color\">Muchas gracias por pensar en nosotros y en nuestra congregaci\u00f3n, disfrutamos de una tarde muy edificante. \u00a1Todos hemos viajado juntos al Per\u00fa!<\/span><\/p>\n","protected":false},"excerpt":{"rendered":"<p>Las arenas del desierto de Per\u00fa esconden muchos tesoros. Por cientos de a\u00f1os los buscadores de saqueadores de tumbas y arque\u00f3logos han recuperado innumerables art\u00edculos<\/p>\n<p><a href=\"https:\/\/limabibletours.net\/index.php\/es\/en-busca-de-dios-y-del-oro\/\" class=\"more-link\">Read More<span class=\"screen-reader-text\">En Busca de Dios y del Oro<\/span><\/a><\/p>\n","protected":false},"author":1,"featured_media":68,"parent":0,"menu_order":2,"comment_status":"closed","ping_status":"closed","template":"","meta":[],"_links":{"self":[{"href":"https:\/\/limabibletours.net\/index.php\/wp-json\/wp\/v2\/pages\/238"}],"collection":[{"href":"https:\/\/limabibletours.net\/index.php\/wp-json\/wp\/v2\/pages"}],"about":[{"href":"https:\/\/limabibletours.net\/index.php\/wp-json\/wp\/v2\/types\/page"}],"author":[{"embeddable":true,"href":"https:\/\/limabibletours.net\/index.php\/wp-json\/wp\/v2\/users\/1"}],"replies":[{"embeddable":true,"href":"https:\/\/limabibletours.net\/index.php\/wp-json\/wp\/v2\/comments?post=238"}],"version-history":[{"count":2,"href":"https:\/\/limabibletours.net\/index.php\/wp-json\/wp\/v2\/pages\/238\/revisions"}],"predecessor-version":[{"id":302,"href":"https:\/\/limabibletours.net\/index.php\/wp-json\/wp\/v2\/pages\/238\/revisions\/302"}],"wp:featuredmedia":[{"embeddable":true,"href":"https:\/\/limabibletours.net\/index.php\/wp-json\/wp\/v2\/media\/68"}],"wp:attachment":[{"href":"https:\/\/limabibletours.net\/index.php\/wp-json\/wp\/v2\/media?parent=238"}],"curies":[{"name":"wp","href":"https:\/\/api.w.org\/{rel}","templated":true}]}}