{"id":233,"date":"2020-08-10T01:30:57","date_gmt":"2020-08-10T01:30:57","guid":{"rendered":"https:\/\/limabibletours.net\/?page_id=233"},"modified":"2020-08-14T16:20:31","modified_gmt":"2020-08-14T21:20:31","slug":"giras-biblicas-de-lima-2","status":"publish","type":"page","link":"https:\/\/limabibletours.net\/index.php\/es\/giras-biblicas-de-lima-2\/","title":{"rendered":"Giras B\u00edblicas de Lima"},"content":{"rendered":"\n<p class=\"has-text-align-center\"><span style=\"color:#ffffff\" class=\"has-inline-color\">GIRAS BIBLICAS DE LIMA ha desarrollado una manera de disfrutar de la historia del Per\u00fa enfocada en la Biblia. Desde el 2018 miles de hermanos y hermanas han realizado el tour del Museo de Oro de Lima con un gu\u00eda testigo de Jehov\u00e1 para descubrir las riquezas de las antiguas culturas del Per\u00fa y encontrar las conexiones entre estas culturas y la antigua Babilonia. Este Tour de dos horas, En Busca de Dios y del Oro, destaca 9 diferentes creencias y practicas que las culturas Pre-Hisp\u00e1nicas tuvieron en com\u00fan con la mayor\u00eda de las religiones falsas. Las visitas presenciales al museo se han suspendido hasta nuevo aviso, pero tenemos el gusto de anunciar que hay visitas virtuales disponibles. \u00a1Vengan y \u00fananse a un viaje por el Per\u00fa!<\/span><\/p>\n\n\n\n<figure class=\"wp-block-image size-large\"><img loading=\"lazy\" width=\"1024\" height=\"718\" src=\"https:\/\/limabibletours.net\/wp-content\/uploads\/2020\/08\/museum-group-1024x718-1.jpg\" alt=\"\" class=\"wp-image-236\" srcset=\"https:\/\/limabibletours.net\/wp-content\/uploads\/2020\/08\/museum-group-1024x718-1.jpg 1024w, https:\/\/limabibletours.net\/wp-content\/uploads\/2020\/08\/museum-group-1024x718-1-300x210.jpg 300w, https:\/\/limabibletours.net\/wp-content\/uploads\/2020\/08\/museum-group-1024x718-1-768x539.jpg 768w\" sizes=\"(max-width: 1024px) 100vw, 1024px\" \/><\/figure>\n","protected":false},"excerpt":{"rendered":"<p>GIRAS BIBLICAS DE LIMA ha desarrollado una manera de disfrutar de la historia del Per\u00fa enfocada en la Biblia. Desde el 2018 miles de hermanos<\/p>\n<p><a href=\"https:\/\/limabibletours.net\/index.php\/es\/giras-biblicas-de-lima-2\/\" class=\"more-link\">Read More<span class=\"screen-reader-text\">Giras B\u00edblicas de Lima<\/span><\/a><\/p>\n","protected":false},"author":1,"featured_media":0,"parent":0,"menu_order":1,"comment_status":"closed","ping_status":"closed","template":"","meta":[],"_links":{"self":[{"href":"https:\/\/limabibletours.net\/index.php\/wp-json\/wp\/v2\/pages\/233"}],"collection":[{"href":"https:\/\/limabibletours.net\/index.php\/wp-json\/wp\/v2\/pages"}],"about":[{"href":"https:\/\/limabibletours.net\/index.php\/wp-json\/wp\/v2\/types\/page"}],"author":[{"embeddable":true,"href":"https:\/\/limabibletours.net\/index.php\/wp-json\/wp\/v2\/users\/1"}],"replies":[{"embeddable":true,"href":"https:\/\/limabibletours.net\/index.php\/wp-json\/wp\/v2\/comments?post=233"}],"version-history":[{"count":4,"href":"https:\/\/limabibletours.net\/index.php\/wp-json\/wp\/v2\/pages\/233\/revisions"}],"predecessor-version":[{"id":278,"href":"https:\/\/limabibletours.net\/index.php\/wp-json\/wp\/v2\/pages\/233\/revisions\/278"}],"wp:attachment":[{"href":"https:\/\/limabibletours.net\/index.php\/wp-json\/wp\/v2\/media?parent=233"}],"curies":[{"name":"wp","href":"https:\/\/api.w.org\/{rel}","templated":true}]}}